{"id":1478,"date":"2025-09-23T21:03:59","date_gmt":"2025-09-23T19:03:59","guid":{"rendered":"https:\/\/www.druckerei-nordhorn.de\/?page_id=1478"},"modified":"2025-10-20T10:26:22","modified_gmt":"2025-10-20T08:26:22","slug":"1478-2","status":"publish","type":"page","link":"https:\/\/www.druckerei-nordhorn.de\/?page_id=1478","title":{"rendered":"Etikettencentrum"},"content":{"rendered":"<div class=\"flex_column av_one_third  flex_column_div av-zero-column-padding first  avia-builder-el-0  el_before_av_one_third  avia-builder-el-first  \" style='border-radius:0px; '><div  class='avia-image-container  av-styling-    avia-builder-el-1  avia-builder-el-no-sibling  avia-align-center '  itemprop=\"image\" itemscope=\"itemscope\" itemtype=\"https:\/\/schema.org\/ImageObject\"  ><div class='avia-image-container-inner'><div class='avia-image-overlay-wrap'><img class='avia_image' src='https:\/\/www.druckerei-nordhorn.de\/wp-content\/uploads\/2025\/09\/Rollenhaftetiketten-bedruckt-250x250-1.jpg' alt='' title='Rollenhaftetiketten-bedruckt-250x250' height=\"250\" width=\"250\"  itemprop=\"thumbnailUrl\"  \/><\/div><\/div><\/div><\/div>\n<div class=\"flex_column av_one_third  flex_column_div av-zero-column-padding   avia-builder-el-2  el_after_av_one_third  el_before_av_one_third  \" style='border-radius:0px; '><div  class='avia-image-container  av-styling-    avia-builder-el-3  avia-builder-el-no-sibling  avia-align-center '  itemprop=\"image\" itemscope=\"itemscope\" itemtype=\"https:\/\/schema.org\/ImageObject\"  ><div class='avia-image-container-inner'><div class='avia-image-overlay-wrap'><img class='avia_image' src='https:\/\/www.druckerei-nordhorn.de\/wp-content\/uploads\/2025\/09\/Thermotransferfolie-1-250x250-1.jpg' alt='' title='Thermotransferfolie-1-250x250' height=\"250\" width=\"250\"  itemprop=\"thumbnailUrl\"  \/><\/div><\/div><\/div><\/div>\n<div class=\"flex_column av_one_third  flex_column_div av-zero-column-padding   avia-builder-el-4  el_after_av_one_third  el_before_av_one_full  \" style='border-radius:0px; '><div  class='avia-image-container  av-styling-    avia-builder-el-5  avia-builder-el-no-sibling  avia-align-center '  itemprop=\"image\" itemscope=\"itemscope\" itemtype=\"https:\/\/schema.org\/ImageObject\"  ><div class='avia-image-container-inner'><div class='avia-image-overlay-wrap'><img class='avia_image' src='https:\/\/www.druckerei-nordhorn.de\/wp-content\/uploads\/2025\/09\/Rollenhaftetiketten-fuer-Thermodirektdruck-250x250-1.jpg' alt='' title='Rollenhaftetiketten-f\u00fcr-Thermodirektdruck-250x250' height=\"250\" width=\"250\"  itemprop=\"thumbnailUrl\"  \/><\/div><\/div><\/div><\/div>\n<div class=\"flex_column av_one_full  flex_column_div av-zero-column-padding first  avia-builder-el-6  el_after_av_one_third  el_before_av_textblock  column-top-margin\" style='border-radius:0px; '><\/div>\n<section class=\"av_textblock_section \"  itemscope=\"itemscope\" itemtype=\"https:\/\/schema.org\/CreativeWork\" ><div class='avia_textblock  av_inherit_color '  style='color:#f43000; '  itemprop=\"text\" ><p><a href=\"https:\/\/www.pskkip.de\">https:\/\/www.pskkip.de<\/a><img loading=\"lazy\" class=\"alignnone size-full wp-image-1484\" src=\"https:\/\/www.druckerei-nordhorn.de\/wp-content\/uploads\/2025\/09\/Logo-solo.png\" alt=\"\" width=\"160\" height=\"88\" \/><\/p>\n<h2><strong>Zwei starke Standorte &#8211;<\/strong><\/h2>\n<h2><strong>Ein Team f\u00fcr Ihre Projekte \u00a0<\/strong><\/h2>\n<\/div><\/section>\n<div class=\"flex_column av_one_full  flex_column_div av-zero-column-padding first  avia-builder-el-8  el_after_av_textblock  el_before_av_textblock  column-top-margin\" style='border-radius:0px; '><\/div>\n<section class=\"av_textblock_section \"  itemscope=\"itemscope\" itemtype=\"https:\/\/schema.org\/CreativeWork\" ><div class='avia_textblock  av_inherit_color '  style='color:#f43000; '  itemprop=\"text\" ><h2><\/h2>\n<p><span style=\"color: #333333;\">Wir freuen uns, mitteilen zu k\u00f6nnen, dass die Druck 2000 Offsetdruckerei GmbH die Firma PSK (Product Service Kip) \u00fcbernommen hat.<\/span><\/p>\n<p><span style=\"color: #333333;\">Damit b\u00fcndeln wir unsere Kompetenzen und sind nun mit zwei Standorten in Nordhorn f\u00fcr Sie da.<\/span><\/p>\n<p><span style=\"color: #333333;\">PSK ist bekannt als Etikettencentrum &#8211; und genau dieses Know-how flie\u00dft nun in unser gemeinsames Angebot mit ein. So erhalten Sie bei uns nicht nur hochwertige Druckprodukte, sondern auch eine gro\u00dfe Auswahl an Etikettenl\u00f6sungen:<\/span><\/p>\n<ul>\n<li><span style=\"color: #333333;\">Rollenhaftetiketten<\/span><\/li>\n<li><span style=\"color: #333333;\">Anh\u00e4ngeetiketten<\/span><\/li>\n<li><span style=\"color: #333333;\">variabler Etikettendruck, fortlaufende Nummerierungen oder Barcodierungen<\/span><\/li>\n<li><span style=\"color: #333333;\">Thermotransferfolie<\/span><\/li>\n<li><span style=\"color: #333333;\">und viele weitere Speziall\u00f6sungen<\/span><\/li>\n<\/ul>\n<p><span style=\"color: #333333;\">Egal ob f\u00fcr Handel, Industrie oder individuelle Projekte &#8211; wir beraten Sie gerne und finden das passende Produkt f\u00fcr Ihre Anforderungen.<\/span><\/p>\n<\/div><\/section>\n<div class=\"flex_column av_one_full  flex_column_div av-zero-column-padding first  avia-builder-el-10  el_after_av_textblock  el_before_av_one_half  column-top-margin\" style='border-radius:0px; '><section class=\"av_textblock_section \"  itemscope=\"itemscope\" itemtype=\"https:\/\/schema.org\/CreativeWork\" ><div class='avia_textblock  av_inherit_color '  style='color:#f43000; '  itemprop=\"text\" ><h2 style=\"text-align: center;\">Das Unternehmen<\/h2>\n<\/div><\/section><br \/>\n<div  class='avia-image-container  av-styling-    avia-builder-el-12  el_after_av_textblock  avia-builder-el-last  avia-align-center '  itemprop=\"image\" itemscope=\"itemscope\" itemtype=\"https:\/\/schema.org\/ImageObject\"  ><div class='avia-image-container-inner'><div class='avia-image-overlay-wrap'><img class='avia_image' src='https:\/\/www.druckerei-nordhorn.de\/wp-content\/uploads\/2025\/09\/index-pic-300x170.jpg' alt='' title='index-pic' height=\"170\" width=\"300\"  itemprop=\"thumbnailUrl\"  \/><\/div><\/div><\/div><\/p><\/div>\n<div class=\"flex_column av_one_half  flex_column_div av-zero-column-padding first  avia-builder-el-13  el_after_av_one_full  el_before_av_one_half  column-top-margin\" style='border-radius:0px; '><section class=\"av_textblock_section \"  itemscope=\"itemscope\" itemtype=\"https:\/\/schema.org\/CreativeWork\" ><div class='avia_textblock  av_inherit_color '   itemprop=\"text\" ><p>PSK wurde 1977 als Familienunternehmen ins Leben gerufen. Mit sukzessiven Wachstum einhergehend erfolgte die GmbH-Gr\u00fcndung 1984.<\/p>\n<p>Seitdem hat sich sehr viel ver\u00e4ndert, aber einem Prinzip ist PSK treu geblieben: ein reiner Etikettenspezialist f\u00fcr alles, das kleben und h\u00e4ngen soll \u2013 soll hei\u00dfen Anh\u00e4ngeetiketten \u00a0und Haftetiketten sind unser Gebiet. Seit 1998 ist PSK unter der heutigen Anschrift ans\u00e4ssig und mit Druck 2000 auch wieder ein inhabergef\u00fchrtes Familienunternehmen.<\/p>\n<p>Unsere Kunden sch\u00e4tzen uns als fairen, kompetenten, stark qualit\u00e4tsorientierten, leistungsstarken und flexiblen Spezialisten in Sachen \u201eEtiketten\u201c. Wenn es bei unseren Kunden \u201ebrennt\u201c, kommt es immer wieder vor, dass wir bereits geliefert haben, bevor Mitbewerber \u00fcberhaupt erst anbieten bzw. reagieren. Das funktioniert nur mit sehr kurzen Entscheidungswegen.<\/p>\n<p>Zahlreiche namhafte Kunden mit langj\u00e4hrigen Gesch\u00e4ftsbeziehungen sind uns Kompliment und Ansporn zugleich.<\/p>\n<\/div><\/section><\/div><div class=\"flex_column av_one_half  flex_column_div av-zero-column-padding   avia-builder-el-15  el_after_av_one_half  el_before_av_one_full  column-top-margin\" style='border-radius:0px; '><section class=\"av_textblock_section \"  itemscope=\"itemscope\" itemtype=\"https:\/\/schema.org\/CreativeWork\" ><div class='avia_textblock  '   itemprop=\"text\" ><p>Probleme bei der Kennzeichnung von Produkten unserer Kunden sehen wir als Herausforderung. Dies stellen wir gerne durch genaue Analyse Ihrer Anwendung unter Beweis. \u201eNullachtf\u00fcnfzehn\u201c gibt es bei Etiketten n\u00e4mlich nicht!<\/p>\n<p>Wir liefern Etiketten von unbedruckt bis hin zu in unterschiedlichen Druckverfahren bedruckten Etiketten wie\u00a0Offset-, Sieb-, UV-Flexo- oder verschiedenen Digitaldruckverfahren, die mit zahlreichen Weiterverarbeitungsverfahren veredelt bzw. verarbeitet werden k\u00f6nnen.<\/p>\n<p>Das alles k\u00f6nnen wir Ihnen bieten und das Versprechen, bei uns niemals wie eine Nummer behandelt zu werden.<\/p>\n<p>N\u00e4heres sehen Sie auf den folgenden Seiten unserer Homepage oder in unserem <a title=\"Etikettenproduktion\" href=\"https:\/\/www.pskkip.de\/video\/\">Unternehmensvideo<\/a>.<br \/>\nViel Spa\u00df beim Surfen auf unserer Seite w\u00fcnscht Ihnen<\/p>\n<p>Das Team von PRODUCT SERVICE KIP<\/p>\n<\/div><\/section><\/div><\/p>\n<div class=\"flex_column av_one_full  flex_column_div av-zero-column-padding first  avia-builder-el-17  el_after_av_one_half  avia-builder-el-last  column-top-margin\" style='border-radius:0px; '><section class=\"av_textblock_section \"  itemscope=\"itemscope\" itemtype=\"https:\/\/schema.org\/CreativeWork\" ><div class='avia_textblock  av_inherit_color '  style='color:#f43000; '  itemprop=\"text\" ><h5><span style=\"color: #000000;\">Alfred-Mozer-Str. 11 \u00b7\u00a048527 Nordhorn \u00b7\u00a0Tel.: 05921 82100 \u00b7\u00a0Fax: 05921 821040 \u00b7\u00a0Email: psk@pskkip.de<\/span><\/h5>\n<\/div><\/section><\/div>\n","protected":false},"excerpt":{"rendered":"","protected":false},"author":1,"featured_media":0,"parent":0,"menu_order":0,"comment_status":"closed","ping_status":"closed","template":"","meta":[],"_links":{"self":[{"href":"https:\/\/www.druckerei-nordhorn.de\/index.php?rest_route=\/wp\/v2\/pages\/1478"}],"collection":[{"href":"https:\/\/www.druckerei-nordhorn.de\/index.php?rest_route=\/wp\/v2\/pages"}],"about":[{"href":"https:\/\/www.druckerei-nordhorn.de\/index.php?rest_route=\/wp\/v2\/types\/page"}],"author":[{"embeddable":true,"href":"https:\/\/www.druckerei-nordhorn.de\/index.php?rest_route=\/wp\/v2\/users\/1"}],"replies":[{"embeddable":true,"href":"https:\/\/www.druckerei-nordhorn.de\/index.php?rest_route=%2Fwp%2Fv2%2Fcomments&post=1478"}],"version-history":[{"count":52,"href":"https:\/\/www.druckerei-nordhorn.de\/index.php?rest_route=\/wp\/v2\/pages\/1478\/revisions"}],"predecessor-version":[{"id":1563,"href":"https:\/\/www.druckerei-nordhorn.de\/index.php?rest_route=\/wp\/v2\/pages\/1478\/revisions\/1563"}],"wp:attachment":[{"href":"https:\/\/www.druckerei-nordhorn.de\/index.php?rest_route=%2Fwp%2Fv2%2Fmedia&parent=1478"}],"curies":[{"name":"wp","href":"https:\/\/api.w.org\/{rel}","templated":true}]}}