{"id":814,"date":"2020-08-25T18:33:07","date_gmt":"2020-08-25T16:33:07","guid":{"rendered":"http:\/\/www.druckerei-schoepe.de\/wordpress\/?page_id=814"},"modified":"2022-06-07T14:09:28","modified_gmt":"2022-06-07T12:09:28","slug":"leistungen-lupenrein-auf-den-punkt-gebracht","status":"publish","type":"page","link":"https:\/\/www.druckerei-nordhorn.de\/?page_id=814","title":{"rendered":"Leistungen lupenrein auf den Punkt gebracht."},"content":{"rendered":"<div id='layer_slider_1'  class='avia-layerslider main_color avia-shadow  avia-builder-el-0  el_before_av_heading  avia-builder-el-first  container_wrap sidebar_right' style='  height: 721px;' ><\/div><div id='after_layer_slider_1'  class='main_color av_default_container_wrap container_wrap sidebar_right' style=' '  ><div class='container' ><div class='template-page content  av-content-small alpha units'><div class='post-entry post-entry-type-page post-entry-814'><div class='entry-content-wrapper clearfix'>\n<div  style='padding-bottom:15px; color:#3606ff;' class='av-special-heading av-special-heading-h1 custom-color-heading blockquote modern-quote  avia-builder-el-1  el_after_av_layerslider  el_before_av_textblock  avia-builder-el-first  '><h1 class='av-special-heading-tag '  itemprop=\"headline\"  >LEISTUNG LUPENREIN AUF DEN PUNKT GEBRACHT<\/h1><div class='special-heading-border'><div class='special-heading-inner-border' style='border-color:#3606ff'><\/div><\/div><\/div>\n<section class=\"av_textblock_section \"  itemscope=\"itemscope\" itemtype=\"https:\/\/schema.org\/CreativeWork\" ><div class='avia_textblock  '  style='font-size:20px; '  itemprop=\"text\" ><p>Mit viel Sachverstand und hoher Konzentration auf alle Details sorgen wir f\u00fcr Pr\u00e4zision im Printgesch\u00e4ft. Hierbei spielt es keine Rolle, ob der Auftrag in klassischem Offset- oder schnellem Digitaldruck erstellt wird. Denn bei uns z\u00e4hlt der versierte Blick von Fachleuten mehr als technische Daten von Maschinen: Wir schauen immer ganz genau hin und sind garantiert immer erst dann zufrieden, wenn auch Sie zufrieden sein k\u00f6nnen \u2013 Versprechen sind gut, aber Vertrauen ist besser!<\/p>\n<\/div><\/section>\n<div  style='height:50px' class='hr hr-invisible   avia-builder-el-3  el_after_av_textblock  el_before_av_heading '><span class='hr-inner ' ><span class='hr-inner-style'><\/span><\/span><\/div>\n<div  style='padding-bottom:15px; color:#3606ff;' class='av-special-heading av-special-heading-h2 custom-color-heading blockquote modern-quote  avia-builder-el-4  el_after_av_hr  el_before_av_textblock  '><h2 class='av-special-heading-tag '  itemprop=\"headline\"  >WENN DER TERMINDRUCK HOCH ODER DIE AUFLAGE NIEDRIG IST:<\/h2><div class='special-heading-border'><div class='special-heading-inner-border' style='border-color:#3606ff'><\/div><\/div><\/div>\n<section class=\"av_textblock_section \"  itemscope=\"itemscope\" itemtype=\"https:\/\/schema.org\/CreativeWork\" ><div class='avia_textblock  '  style='font-size:20px; '  itemprop=\"text\" ><p>Hochaufl\u00f6sender Digitaldruck bis 4.800 dpi inklusive Color-Management und einer breiten Auswahl an geeigneten Papieren. Express und Last-Minute-Auftr\u00e4ge stellen f\u00fcr uns kein Problem dar. Auftr\u00e4ge, welche wir digital drucken k\u00f6nnen sind innerhalb von 12 Std. verf\u00fcgbar.<\/p>\n<\/div><\/section>\n<div  style='height:15px' class='hr hr-invisible   avia-builder-el-6  el_after_av_textblock  el_before_av_heading '><span class='hr-inner ' ><span class='hr-inner-style'><\/span><\/span><\/div>\n<div  style='padding-bottom:15px; color:#3606ff;' class='av-special-heading av-special-heading-h2 custom-color-heading blockquote modern-quote  avia-builder-el-7  el_after_av_hr  el_before_av_textblock  '><h2 class='av-special-heading-tag '  itemprop=\"headline\"  >WENN\u2019S EIN BISSCHEN MEHR ZEIT HAT: OFFSET-PRINT F\u00dcR H\u00d6CHSTE ANSPR\u00dcCHE<\/h2><div class='special-heading-border'><div class='special-heading-inner-border' style='border-color:#3606ff'><\/div><\/div><\/div>\n<section class=\"av_textblock_section \"  itemscope=\"itemscope\" itemtype=\"https:\/\/schema.org\/CreativeWork\" ><div class='avia_textblock  '  style='font-size:20px; '  itemprop=\"text\" ><p>Neben unserem Digitaldruck k\u00f6nnen wir zus\u00e4tzlich auf eine 4-Farben-Offset-Maschine sowie auf eine 2-Farben-Offset-Maschine zur\u00fcckgreifen. Auch hier sind mit entsprechender Vorlaufzeit Gro\u00df-Auflagen innerhalb k\u00fcrzester Zeit verf\u00fcgbar.<\/p>\n<\/div><\/section>\n<div  style='height:15px' class='hr hr-invisible   avia-builder-el-9  el_after_av_textblock  el_before_av_heading '><span class='hr-inner ' ><span class='hr-inner-style'><\/span><\/span><\/div>\n<div  style='padding-bottom:15px; color:#3606ff;' class='av-special-heading av-special-heading-h2 custom-color-heading blockquote modern-quote  avia-builder-el-10  el_after_av_hr  el_before_av_textblock  '><h2 class='av-special-heading-tag '  itemprop=\"headline\"  >WENN NACH DEM DRUCK DER KREATIVIT\u00c4T FREIER LAUF GELASSEN WERDEN KANN:<\/h2><div class='special-heading-border'><div class='special-heading-inner-border' style='border-color:#3606ff'><\/div><\/div><\/div>\n<section class=\"av_textblock_section \"  itemscope=\"itemscope\" itemtype=\"https:\/\/schema.org\/CreativeWork\" ><div class='avia_textblock  '  style='font-size:20px; '  itemprop=\"text\" ><p>Wir sind nicht nur Experten im reinen Druckerzeugnis. Wir decken auch im Bereich der Druck-Weiterverarbeitung die gesamte Bandbreite aus Schneiden, Stanzen, Rillen, Perforieren, Falzen, Bohren, \u00d6sen, Heften und Leimen ab.<br \/>\nFordern Sie uns heraus! Wir machen das.<\/p>\n<\/div><\/section>\n<div  style='height:15px' class='hr hr-invisible   avia-builder-el-12  el_after_av_textblock  el_before_av_heading '><span class='hr-inner ' ><span class='hr-inner-style'><\/span><\/span><\/div>\n<div  style='padding-bottom:15px; color:#3606ff;' class='av-special-heading av-special-heading-h2 custom-color-heading blockquote modern-quote  avia-builder-el-13  el_after_av_hr  el_before_av_textblock  '><h2 class='av-special-heading-tag '  itemprop=\"headline\"  >WENN SIE KEINEN LAGERPLATZ MEHR HABEN: WIR \u00dcBERNEHMEN DIE LAGERUNG IHRER TEILAUFLAGEN!<\/h2><div class='special-heading-border'><div class='special-heading-inner-border' style='border-color:#3606ff'><\/div><\/div><\/div>\n<section class=\"av_textblock_section \"  itemscope=\"itemscope\" itemtype=\"https:\/\/schema.org\/CreativeWork\" ><div class='avia_textblock  '  style='font-size:20px; '  itemprop=\"text\" ><p>Lagerplatz ist Gold wert. Auch in Ihrem Business. Deshalb \u00fcbernehmen wir gerne f\u00fcr Sie die Lagerung von Teilauflagen Ihrer Druckerzeugnisse unter optimalen klimatischen Verh\u00e4ltnissen und organisieren sogar f\u00fcr Sie den Versand auf Abruf. Ganz nach Ihren W\u00fcnschen. Immer auf Ihr Bed\u00fcrfnis. Versprochen.<\/p>\n<\/div><\/section>\n<\/div><\/div><\/div><!-- close content main div --><\/div><\/div><div id='av_section_1'  class='avia-section main_color avia-section-default avia-no-border-styling  avia-bg-style-scroll  avia-builder-el-15  el_after_av_textblock  avia-builder-el-last   container_wrap sidebar_right' style='background-color: #ffffff;  '  ><div class='container' ><div class='template-page content  av-content-small alpha units'><div class='post-entry post-entry-type-page post-entry-814'><div class='entry-content-wrapper clearfix'><\/div><\/div><\/div><!-- close content main div --><\/div><\/div><div id='after_section_1'  class='main_color av_default_container_wrap container_wrap sidebar_right' style=' '  ><div class='container' ><div class='template-page content  av-content-small alpha units'><div class='post-entry post-entry-type-page post-entry-814'><div class='entry-content-wrapper clearfix'>\n","protected":false},"excerpt":{"rendered":"","protected":false},"author":1,"featured_media":0,"parent":0,"menu_order":0,"comment_status":"closed","ping_status":"closed","template":"","meta":[],"_links":{"self":[{"href":"https:\/\/www.druckerei-nordhorn.de\/index.php?rest_route=\/wp\/v2\/pages\/814"}],"collection":[{"href":"https:\/\/www.druckerei-nordhorn.de\/index.php?rest_route=\/wp\/v2\/pages"}],"about":[{"href":"https:\/\/www.druckerei-nordhorn.de\/index.php?rest_route=\/wp\/v2\/types\/page"}],"author":[{"embeddable":true,"href":"https:\/\/www.druckerei-nordhorn.de\/index.php?rest_route=\/wp\/v2\/users\/1"}],"replies":[{"embeddable":true,"href":"https:\/\/www.druckerei-nordhorn.de\/index.php?rest_route=%2Fwp%2Fv2%2Fcomments&post=814"}],"version-history":[{"count":73,"href":"https:\/\/www.druckerei-nordhorn.de\/index.php?rest_route=\/wp\/v2\/pages\/814\/revisions"}],"predecessor-version":[{"id":1324,"href":"https:\/\/www.druckerei-nordhorn.de\/index.php?rest_route=\/wp\/v2\/pages\/814\/revisions\/1324"}],"wp:attachment":[{"href":"https:\/\/www.druckerei-nordhorn.de\/index.php?rest_route=%2Fwp%2Fv2%2Fmedia&parent=814"}],"curies":[{"name":"wp","href":"https:\/\/api.w.org\/{rel}","templated":true}]}}