{"id":935,"date":"2020-08-26T20:36:26","date_gmt":"2020-08-26T18:36:26","guid":{"rendered":"http:\/\/www.druckerei-schoepe.de\/wordpress\/?page_id=935"},"modified":"2020-09-13T12:47:12","modified_gmt":"2020-09-13T10:47:12","slug":"personalisierter-druck","status":"publish","type":"page","link":"https:\/\/www.druckerei-nordhorn.de\/?page_id=935","title":{"rendered":"Personalisierter Druck"},"content":{"rendered":"<div id='layer_slider_1'  class='avia-layerslider main_color avia-shadow  avia-builder-el-0  el_before_av_heading  avia-builder-el-first  container_wrap sidebar_right' style='  height: 721px;' ><\/div><div id='after_layer_slider_1'  class='main_color av_default_container_wrap container_wrap sidebar_right' style=' '  ><div class='container' ><div class='template-page content  av-content-small alpha units'><div class='post-entry post-entry-type-page post-entry-935'><div class='entry-content-wrapper clearfix'>\n<div  style='padding-bottom:15px; color:#3606ff;font-size:3vw;' class='av-special-heading av-special-heading-h1 custom-color-heading blockquote modern-quote  avia-builder-el-1  el_after_av_layerslider  el_before_av_textblock  avia-builder-el-first  av-inherit-size '><h1 class='av-special-heading-tag '  itemprop=\"headline\"  >PERSONALISIERTER DRUCK<\/h1><div class='special-heading-border'><div class='special-heading-inner-border' style='border-color:#3606ff'><\/div><\/div><\/div>\n<section class=\"av_textblock_section \"  itemscope=\"itemscope\" itemtype=\"https:\/\/schema.org\/CreativeWork\" ><div class='avia_textblock  '  style='font-size:20px; '  itemprop=\"text\" ><p>Ob private Einladungs- und Gru\u00dfkarten oder erfolgreiche Direct Mails f\u00fcr Ihre Business-Kunden \u2013 wir erstellen personalisierte Gru\u00df- und Gl\u00fcckwunschkarten individuell nach Ihren W\u00fcnschen. Testen Sie jetzt den innovativen Service unserer Online-Druckerei. Sie werden begeistert sein, wie schnell und vor allem wie pers\u00f6nlich Sie Ihre Botschaft gestalten k\u00f6nnen!<\/p>\n<p>Das Angebot im Bereich personalisierter Druck reicht von Gru\u00dfkarten \u00fcber Einladungs-, Kondolenz- und Kommunionskarten bis hin zu Gl\u00fcckwunschkarten. Bei uns k\u00f6nnen Sie f\u00fcr jeden Anlass die richtige Karte gestalten und drucken lassen. Dabei stehen Ihnen viele verschiedene Motive zur Auswahl \u2013 fordern Sie unseren Flyer an!<\/p>\n<\/div><\/section>\n<div  style='height:25px' class='hr hr-invisible   avia-builder-el-3  el_after_av_textblock  el_before_av_heading '><span class='hr-inner ' ><span class='hr-inner-style'><\/span><\/span><\/div>\n<div  style='padding-bottom:15px; color:#3606ff;' class='av-special-heading av-special-heading-h2 custom-color-heading blockquote modern-quote  avia-builder-el-4  el_after_av_hr  el_before_av_textblock  '><h2 class='av-special-heading-tag '  itemprop=\"headline\"  >Gestaltung von personalisierten Gru\u00dfkarten und Direct Mails zur Kundenakquise<\/h2><div class='special-heading-border'><div class='special-heading-inner-border' style='border-color:#3606ff'><\/div><\/div><\/div>\n<section class=\"av_textblock_section \"  itemscope=\"itemscope\" itemtype=\"https:\/\/schema.org\/CreativeWork\" ><div class='avia_textblock  '  style='font-size:20px; '  itemprop=\"text\" ><p>Sie m\u00f6chten als Unternehmen Ihre Kunden individuell ansprechen und eine pers\u00f6nliche Bindung aufbauen? Dann sind Sie bei unserer Online-Druckerei richtig. F\u00fcr Business-Kunden bieten wir unseren Direct-Mail-Service an. Wir haben speziell abgestimmte Motive f\u00fcr Ihre personalisierte Kundenakquise.<\/p>\n<\/div><\/section>\n<div  style='height:25px' class='hr hr-invisible   avia-builder-el-6  el_after_av_textblock  el_before_av_heading '><span class='hr-inner ' ><span class='hr-inner-style'><\/span><\/span><\/div>\n<div  style='padding-bottom:0px; color:#3606ff;' class='av-special-heading av-special-heading-h3 custom-color-heading blockquote modern-quote  avia-builder-el-7  el_after_av_hr  el_before_av_textblock  '><h3 class='av-special-heading-tag '  itemprop=\"headline\"  >Und so funktioniert es:<\/h3><div class='special-heading-border'><div class='special-heading-inner-border' style='border-color:#3606ff'><\/div><\/div><\/div>\n<section class=\"av_textblock_section \"  itemscope=\"itemscope\" itemtype=\"https:\/\/schema.org\/CreativeWork\" ><div class='avia_textblock  '  style='font-size:20px; '  itemprop=\"text\" ><p>Sie senden uns eine Adressdatei im CSV-Format, die die Namen und Adressen der anzusprechenden Personen enth\u00e4lt. Anschlie\u00dfend werden alle Karten von uns gedruckt und Ihnen als Auftraggeber zugesendet. Motive und Texte Ihrer Direct Mail werden selbstverst\u00e4ndlich individuell im Vorfeld mit Ihnen je nach Anlass abgestimmt.<\/p>\n<\/div><\/section>\n<div  class='avia-button-wrap avia-button-center  avia-builder-el-9  el_after_av_textblock  avia-builder-el-last ' ><a href='http:\/\/www.serviceplus.de'  class='avia-button   avia-icon_select-yes-left-icon avia-color-theme-color avia-size-x-large avia-position-center '   ><span class='avia_button_icon avia_button_icon_left ' aria-hidden='true' data-av_icon='\ue859' data-av_iconfont='entypo-fontello'><\/span><span class='avia_iconbox_title' >Klick mich<\/span><\/a><\/div>\n","protected":false},"excerpt":{"rendered":"","protected":false},"author":1,"featured_media":0,"parent":0,"menu_order":0,"comment_status":"closed","ping_status":"closed","template":"","meta":[],"_links":{"self":[{"href":"https:\/\/www.druckerei-nordhorn.de\/index.php?rest_route=\/wp\/v2\/pages\/935"}],"collection":[{"href":"https:\/\/www.druckerei-nordhorn.de\/index.php?rest_route=\/wp\/v2\/pages"}],"about":[{"href":"https:\/\/www.druckerei-nordhorn.de\/index.php?rest_route=\/wp\/v2\/types\/page"}],"author":[{"embeddable":true,"href":"https:\/\/www.druckerei-nordhorn.de\/index.php?rest_route=\/wp\/v2\/users\/1"}],"replies":[{"embeddable":true,"href":"https:\/\/www.druckerei-nordhorn.de\/index.php?rest_route=%2Fwp%2Fv2%2Fcomments&post=935"}],"version-history":[{"count":14,"href":"https:\/\/www.druckerei-nordhorn.de\/index.php?rest_route=\/wp\/v2\/pages\/935\/revisions"}],"predecessor-version":[{"id":1463,"href":"https:\/\/www.druckerei-nordhorn.de\/index.php?rest_route=\/wp\/v2\/pages\/935\/revisions\/1463"}],"wp:attachment":[{"href":"https:\/\/www.druckerei-nordhorn.de\/index.php?rest_route=%2Fwp%2Fv2%2Fmedia&parent=935"}],"curies":[{"name":"wp","href":"https:\/\/api.w.org\/{rel}","templated":true}]}}