{"id":981,"date":"2020-09-01T19:28:56","date_gmt":"2020-09-01T17:28:56","guid":{"rendered":"http:\/\/www.druckerei-schoepe.de\/wordpress\/?page_id=981"},"modified":"2025-09-09T10:48:19","modified_gmt":"2025-09-09T08:48:19","slug":"kontakt","status":"publish","type":"page","link":"https:\/\/www.druckerei-nordhorn.de\/?page_id=981","title":{"rendered":"Kontakt"},"content":{"rendered":"<div id='layer_slider_1'  class='avia-layerslider main_color avia-shadow  avia-builder-el-0  el_before_av_heading  avia-builder-el-first  container_wrap sidebar_right' style='  height: 721px;' ><\/div><div id='after_layer_slider_1'  class='main_color av_default_container_wrap container_wrap sidebar_right' style=' '  ><div class='container' ><div class='template-page content  av-content-small alpha units'><div class='post-entry post-entry-type-page post-entry-981'><div class='entry-content-wrapper clearfix'>\n<div  style='padding-bottom:15px; color:#3606ff;' class='av-special-heading av-special-heading-h1 custom-color-heading blockquote modern-quote  avia-builder-el-1  el_after_av_layerslider  el_before_av_textblock  avia-builder-el-first  '><h1 class='av-special-heading-tag '  itemprop=\"headline\"  >KONTAKT HABEN IST GUT. <\/h1><div class='special-heading-border'><div class='special-heading-inner-border' style='border-color:#3606ff'><\/div><\/div><\/div>\n<section class=\"av_textblock_section \"  itemscope=\"itemscope\" itemtype=\"https:\/\/schema.org\/CreativeWork\" ><div class='avia_textblock  '  style='font-size:20px; '  itemprop=\"text\" ><p>Gute Erfahrungen sprechen sich herum. Was ist Ihr Anliegen? Wir sind t\u00e4glich ab 8:00 Uhr f\u00fcr Sie pers\u00f6nlich an der Alfred-Mozer-Str. 14 vor Ort. Gerne auch ohne Termin besprechen wir Ihre W\u00fcnsche und Ihr Anliegen.<\/p>\n<\/div><\/section>\n<div  style='height:50px' class='hr hr-invisible   avia-builder-el-3  el_after_av_textblock  el_before_av_hr '><span class='hr-inner ' ><span class='hr-inner-style'><\/span><\/span><\/div>\n<div  style=' margin-top:30px; margin-bottom:30px;'  class='hr hr-custom hr-center hr-icon-yes   avia-builder-el-4  el_after_av_hr  el_before_av_hr '><span class='hr-inner  inner-border-av-border-fat' style=' width:50%; border-color:#3606ff; max-width:45%;' ><span class='hr-inner-style'><\/span><\/span><span class='av-seperator-icon' style='color:#3606ff;' aria-hidden='true' data-av_icon='\ue854' data-av_iconfont='entypo-fontello'><\/span><span class='hr-inner  inner-border-av-border-fat' style=' width:50%; border-color:#3606ff; max-width:45%;' ><span class='hr-inner-style'><\/span><\/span><\/div>\n<div  style='height:50px' class='hr hr-invisible   avia-builder-el-5  el_after_av_hr  el_before_av_textblock '><span class='hr-inner ' ><span class='hr-inner-style'><\/span><\/span><\/div>\n<section class=\"av_textblock_section \"  itemscope=\"itemscope\" itemtype=\"https:\/\/schema.org\/CreativeWork\" ><div class='avia_textblock  '  style='font-size:20px; '  itemprop=\"text\" ><p><center><strong>DRUCK 2000<\/strong><\/center><\/p>\n<p><center><strong>Alfred-Mozer-Str. 14<\/strong><\/center><center><strong>48527 Nordhorn<\/strong><\/center><\/p>\n<p><center><strong>05921 \/ 1 37 22<\/strong><\/center><\/p>\n<p><center><strong>info@druck2000.com<\/strong><\/center><\/p>\n<\/div><\/section>\n<div  style='height:50px' class='hr hr-invisible   avia-builder-el-7  el_after_av_textblock  el_before_av_hr '><span class='hr-inner ' ><span class='hr-inner-style'><\/span><\/span><\/div>\n<div  style=' margin-top:30px; margin-bottom:30px;'  class='hr hr-custom hr-center hr-icon-yes   avia-builder-el-8  el_after_av_hr  el_before_av_hr '><span class='hr-inner  inner-border-av-border-fat' style=' width:50%; border-color:#3606ff; max-width:45%;' ><span class='hr-inner-style'><\/span><\/span><span class='av-seperator-icon' style='color:#3606ff;' aria-hidden='true' data-av_icon='\ue854' data-av_iconfont='entypo-fontello'><\/span><span class='hr-inner  inner-border-av-border-fat' style=' width:50%; border-color:#3606ff; max-width:45%;' ><span class='hr-inner-style'><\/span><\/span><\/div>\n<div  style='height:50px' class='hr hr-invisible   avia-builder-el-9  el_after_av_hr  el_before_av_heading '><span class='hr-inner ' ><span class='hr-inner-style'><\/span><\/span><\/div>\n<div  style='padding-bottom:15px; color:#3606ff;' class='av-special-heading av-special-heading-h2 custom-color-heading blockquote modern-quote  avia-builder-el-10  el_after_av_hr  el_before_av_hr  '><h2 class='av-special-heading-tag '  itemprop=\"headline\"  >ALS DIREKTE ANSPRECHPARTNER SIND F\u00dcR SIE DA: <\/h2><div class='special-heading-border'><div class='special-heading-inner-border' style='border-color:#3606ff'><\/div><\/div><\/div>\n<div  style='height:50px' class='hr hr-invisible   avia-builder-el-11  el_after_av_heading  el_before_av_one_fourth '><span class='hr-inner ' ><span class='hr-inner-style'><\/span><\/span><\/div>\n<div class=\"flex_column av_one_fourth  flex_column_div av-zero-column-padding first  avia-builder-el-12  el_after_av_hr  el_before_av_three_fourth  \" style='border-radius:0px; '><section  class='avia-team-member   avia-builder-el-13  avia-builder-el-no-sibling '  itemscope=\"itemscope\" itemtype=\"https:\/\/schema.org\/Person\" ><div class='team-img-container'><img class='avia_image avia_image_team' src='https:\/\/www.druckerei-schoepe.de\/wp-content\/uploads\/2020\/08\/perle.png' alt='Janina Gerritzen'  itemprop=\"image\"  \/><\/div><h3 class='team-member-name'    itemprop=\"name\" >Janina Gerritzen<\/h3><span class='hidden team-member-affiliation'  itemprop=\"affiliation\" >DRUCK2000 \/ Druckerei Sch\u00f6pe<\/span><\/section><\/div>\n<div class=\"flex_column av_three_fourth  flex_column_div av-zero-column-padding   avia-builder-el-14  el_after_av_one_fourth  el_before_av_hr  \" style='border-radius:0px; '><p><div  style='padding-bottom:15px; color:#3606ff;' class='av-special-heading av-special-heading-h2 custom-color-heading blockquote modern-quote  avia-builder-el-15  el_before_av_textblock  avia-builder-el-first  '><h2 class='av-special-heading-tag '  itemprop=\"headline\"  >DRUCK \/ PRODUKTION<\/h2><div class='special-heading-border'><div class='special-heading-inner-border' style='border-color:#3606ff'><\/div><\/div><\/div><br \/>\n<section class=\"av_textblock_section \"  itemscope=\"itemscope\" itemtype=\"https:\/\/schema.org\/CreativeWork\" ><div class='avia_textblock  av_inherit_color '  style='font-size:20px; color:#000000; '  itemprop=\"text\" ><p><strong>Janina Gerritzen <\/strong>&#8211; Gesellschafterin, Produktion<\/p>\n<p>Ich bin mit unserem Familienbetrieb aufgewachsen. Heute bin ich als Gesellschafterin f\u00fcr die Produktion unserer Auftr\u00e4ge verantwortlich und sorge daf\u00fcr, dass jedes Projekt zuverl\u00e4ssig und in bester Qualit\u00e4t umgesetzt wird.<\/p>\n<p>Dar\u00fcber hinaus bin ich vielf\u00e4ltig in unserem Betrieb t\u00e4tig: ich bin die\u00a0Person, die f\u00fcr das Marketing und den visuellen Auftritt der Marke DRUCK 2000 zust\u00e4ndig ist.<\/p>\n<p>Auch springe ich mal in der Weiterverarbeitung ein und sorge f\u00fcr die detaillierte Umsetzung Ihrer Druckerzeugnisse.<\/p>\n<\/div><\/section><\/p><\/div>\n<div  style='height:50px' class='hr hr-invisible   avia-builder-el-17  el_after_av_three_fourth  el_before_av_one_fourth '><span class='hr-inner ' ><span class='hr-inner-style'><\/span><\/span><\/div>\n<div class=\"flex_column av_one_fourth  flex_column_div av-zero-column-padding first  avia-builder-el-18  el_after_av_hr  el_before_av_three_fourth  \" style='border-radius:0px; '><section  class='avia-team-member   avia-builder-el-19  avia-builder-el-no-sibling '  itemscope=\"itemscope\" itemtype=\"https:\/\/schema.org\/Person\" ><div class='team-img-container'><img class='avia_image avia_image_team' src='https:\/\/www.druckerei-schoepe.de\/wp-content\/uploads\/2020\/08\/pia-portrait.png' alt='Pia Quaink'  itemprop=\"image\"  \/><\/div><h3 class='team-member-name'    itemprop=\"name\" >Pia Quaink<\/h3><span class='hidden team-member-affiliation'  itemprop=\"affiliation\" >DRUCK2000 \/ Druckerei Sch\u00f6pe<\/span><\/section><\/div><div class=\"flex_column av_three_fourth  flex_column_div av-zero-column-padding   avia-builder-el-20  el_after_av_one_fourth  el_before_av_hr  \" style='border-radius:0px; '><p><div  style='padding-bottom:15px; color:#3606ff;' class='av-special-heading av-special-heading-h2 custom-color-heading blockquote modern-quote  avia-builder-el-21  el_before_av_textblock  avia-builder-el-first  '><h2 class='av-special-heading-tag '  itemprop=\"headline\"  >AUFTRAGSBEARBEITUNG<\/h2><div class='special-heading-border'><div class='special-heading-inner-border' style='border-color:#3606ff'><\/div><\/div><\/div><br \/>\n<section class=\"av_textblock_section \"  itemscope=\"itemscope\" itemtype=\"https:\/\/schema.org\/CreativeWork\" ><div class='avia_textblock  av_inherit_color '  style='font-size:20px; color:#000000; '  itemprop=\"text\" ><p><strong>Pia Quaink\u00a0<\/strong>&#8211; Gesellschafterin, Auftragsbearbeitung, Gestaltung<\/p>\n<p>Ich bin haupts\u00e4chlich f\u00fcr die Auftragsbearbeitung, Gestaltung und Weiterverarbeitung zust\u00e4ndig. Auch das Plotten bzw. Drucken Ihrer Gro\u00dfformat-Auftr\u00e4ge \u00fcbernehme ich. Wenn Sie Plakate und weitere gro\u00dfformatige Druckerzeugnisse ben\u00f6tigen, bin ich Ihr Ansprechpartner. Ich freue mich auf Ihre Anfrage!<\/p>\n<\/div><\/section><\/p><\/div><div  style='height:50px' class='hr hr-invisible   avia-builder-el-23  el_after_av_three_fourth  el_before_av_one_fourth '><span class='hr-inner ' ><span class='hr-inner-style'><\/span><\/span><\/div><\/p>\n<div class=\"flex_column av_one_fourth  flex_column_div av-zero-column-padding first  avia-builder-el-24  el_after_av_hr  el_before_av_three_fourth  \" style='border-radius:0px; '><section  class='avia-team-member   avia-builder-el-25  avia-builder-el-no-sibling '  itemscope=\"itemscope\" itemtype=\"https:\/\/schema.org\/Person\" ><div class='team-img-container'><img class='avia_image avia_image_team' src='https:\/\/www.druckerei-schoepe.de\/wp-content\/uploads\/2020\/08\/AWS6456.png' alt='Theo Lambers'  itemprop=\"image\"  \/><\/div><h3 class='team-member-name'    itemprop=\"name\" >Theo Lambers<\/h3><span class='hidden team-member-affiliation'  itemprop=\"affiliation\" >DRUCK2000 \/ Druckerei Sch\u00f6pe<\/span><\/section><\/div>\n<div class=\"flex_column av_three_fourth  flex_column_div av-zero-column-padding   avia-builder-el-26  el_after_av_one_fourth  el_before_av_one_fourth  \" style='border-radius:0px; '><p><div  style='padding-bottom:15px; color:#3606ff;' class='av-special-heading av-special-heading-h2 custom-color-heading blockquote modern-quote  avia-builder-el-27  el_before_av_textblock  avia-builder-el-first  '><h2 class='av-special-heading-tag '  itemprop=\"headline\"  >DRUCKVORBEREITUNG \/ AUFTRAGSBEARBEITUNG<\/h2><div class='special-heading-border'><div class='special-heading-inner-border' style='border-color:#3606ff'><\/div><\/div><\/div><br \/>\n<section class=\"av_textblock_section \"  itemscope=\"itemscope\" itemtype=\"https:\/\/schema.org\/CreativeWork\" ><div class='avia_textblock  av_inherit_color '  style='font-size:20px; color:#000000; '  itemprop=\"text\" ><p><strong>Theo Lambers<\/strong> &#8211; Auftragsbearbeitung, Druckvorbereitung<\/p>\n<p>Ich bin seit 35 Jahren in der Druckbranche t\u00e4tig.<\/p>\n<p>Meine Expertise reicht von der Auftragsbearbeitung und Gestaltung bis zur Druckvorbereitung. Ich bin Ihr erster Ansprechpartner f\u00fcr alle konkreten Druckanfragen und gebe Ihnen gerne Auskunft \u00fcber unsere Angebotsvielfalt.<\/p>\n<\/div><\/section><\/p><\/div>\n<div class=\"flex_column av_one_fourth  flex_column_div av-zero-column-padding first  avia-builder-el-29  el_after_av_three_fourth  el_before_av_three_fourth  column-top-margin\" style='border-radius:0px; '><section  class='avia-team-member   avia-builder-el-30  avia-builder-el-no-sibling '  itemscope=\"itemscope\" itemtype=\"https:\/\/schema.org\/Person\" ><div class='team-img-container'><img class='avia_image avia_image_team' src='https:\/\/www.druckerei-schoepe.de\/wp-content\/uploads\/2020\/09\/kevin-2-scaled.jpg' alt='Kevin S\u00e4nger'  itemprop=\"image\"  \/><\/div><h3 class='team-member-name'    itemprop=\"name\" >Kevin S\u00e4nger<\/h3><span class='hidden team-member-affiliation'  itemprop=\"affiliation\" >DRUCK2000 \/ Druckerei Sch\u00f6pe<\/span><\/section><\/div>\n<div class=\"flex_column av_three_fourth  flex_column_div av-zero-column-padding   avia-builder-el-31  el_after_av_one_fourth  el_before_av_hr  column-top-margin\" style='border-radius:0px; '><p><div  style='padding-bottom:15px; color:#3606ff;' class='av-special-heading av-special-heading-h2 custom-color-heading blockquote modern-quote  avia-builder-el-32  el_before_av_textblock  avia-builder-el-first  '><h2 class='av-special-heading-tag '  itemprop=\"headline\"  >Druckweiterverarbeitung<\/h2><div class='special-heading-border'><div class='special-heading-inner-border' style='border-color:#3606ff'><\/div><\/div><\/div><br \/>\n<section class=\"av_textblock_section \"  itemscope=\"itemscope\" itemtype=\"https:\/\/schema.org\/CreativeWork\" ><div class='avia_textblock  av_inherit_color '  style='font-size:20px; color:#000000; '  itemprop=\"text\" ><p><strong>Kevin S\u00e4nger<\/strong> &#8211; Medientechnologe Druckweiterverarbeitung<\/p>\n<p>Ich habe meine Ausbildung als Medientechnologe in der Druckweiterverarbeitung absolviert. Bei Druck 2000 bin ich f\u00fcr die gesamte Weiterverarbeitung der Druckerzeugnisse verantwortlich und sorge daf\u00fcr, dass Sie Ihr gew\u00fcnschtes Endformat erhalten.<\/p>\n<\/div><\/section><\/p><\/div>\n<div  style='height:50px' class='hr hr-invisible   avia-builder-el-34  el_after_av_three_fourth  el_before_av_one_fourth '><span class='hr-inner ' ><span class='hr-inner-style'><\/span><\/span><\/div>\n<div class=\"flex_column av_one_fourth  flex_column_div av-zero-column-padding first  avia-builder-el-35  el_after_av_hr  el_before_av_three_fourth  \" style='border-radius:0px; '><section  class='avia-team-member   avia-builder-el-36  avia-builder-el-no-sibling '  itemscope=\"itemscope\" itemtype=\"https:\/\/schema.org\/Person\" ><div class='team-img-container'><img class='avia_image avia_image_team' src='https:\/\/www.druckerei-schoepe.de\/wp-content\/uploads\/2020\/08\/staplerfahrer-pico.png' alt='Pico'  itemprop=\"image\"  \/><\/div><h3 class='team-member-name'    itemprop=\"name\" >Pico<\/h3><span class='hidden team-member-affiliation'  itemprop=\"affiliation\" >DRUCK2000 \/ Druckerei Sch\u00f6pe<\/span><\/section><\/div>\n<div class=\"flex_column av_three_fourth  flex_column_div av-zero-column-padding   avia-builder-el-37  el_after_av_one_fourth  avia-builder-el-last  \" style='border-radius:0px; '><p><div  style='padding-bottom:15px; color:#3606ff;' class='av-special-heading av-special-heading-h2 custom-color-heading blockquote modern-quote  avia-builder-el-38  el_before_av_textblock  avia-builder-el-first  '><h2 class='av-special-heading-tag '  itemprop=\"headline\"  >ANGEBOTE \/ AUFTRAGSBEARBEITUNG<\/h2><div class='special-heading-border'><div class='special-heading-inner-border' style='border-color:#3606ff'><\/div><\/div><\/div><br \/>\n<section class=\"av_textblock_section \"  itemscope=\"itemscope\" itemtype=\"https:\/\/schema.org\/CreativeWork\" ><div class='avia_textblock  av_inherit_color '  style='font-size:20px; color:#000000; '  itemprop=\"text\" ><p>Moin! Ich bin<strong> Pico<\/strong> und der Aufpasser \u00fcber Alles. Gerne kannst du mir auch eine Email schreiben mit deiner Anfrage, ich werde sie nur gegen entsprechend viele Leckerlies bearbeiten. Wuff!<\/p>\n<\/div><\/section><\/p><\/div>\n","protected":false},"excerpt":{"rendered":"","protected":false},"author":1,"featured_media":0,"parent":0,"menu_order":0,"comment_status":"closed","ping_status":"closed","template":"","meta":[],"_links":{"self":[{"href":"https:\/\/www.druckerei-nordhorn.de\/index.php?rest_route=\/wp\/v2\/pages\/981"}],"collection":[{"href":"https:\/\/www.druckerei-nordhorn.de\/index.php?rest_route=\/wp\/v2\/pages"}],"about":[{"href":"https:\/\/www.druckerei-nordhorn.de\/index.php?rest_route=\/wp\/v2\/types\/page"}],"author":[{"embeddable":true,"href":"https:\/\/www.druckerei-nordhorn.de\/index.php?rest_route=\/wp\/v2\/users\/1"}],"replies":[{"embeddable":true,"href":"https:\/\/www.druckerei-nordhorn.de\/index.php?rest_route=%2Fwp%2Fv2%2Fcomments&post=981"}],"version-history":[{"count":73,"href":"https:\/\/www.druckerei-nordhorn.de\/index.php?rest_route=\/wp\/v2\/pages\/981\/revisions"}],"predecessor-version":[{"id":1467,"href":"https:\/\/www.druckerei-nordhorn.de\/index.php?rest_route=\/wp\/v2\/pages\/981\/revisions\/1467"}],"wp:attachment":[{"href":"https:\/\/www.druckerei-nordhorn.de\/index.php?rest_route=%2Fwp%2Fv2%2Fmedia&parent=981"}],"curies":[{"name":"wp","href":"https:\/\/api.w.org\/{rel}","templated":true}]}}